{"id":2767,"date":"2022-04-25T11:57:21","date_gmt":"2022-04-25T09:57:21","guid":{"rendered":"http:\/\/louisechevalier.fr\/?page_id=2767"},"modified":"2024-09-02T11:37:56","modified_gmt":"2024-09-02T09:37:56","slug":"a-propos","status":"publish","type":"page","link":"https:\/\/louisechevalier.fr\/index.php\/a-propos\/","title":{"rendered":"\u00e0 propos"},"content":{"rendered":"\t\t<div data-elementor-type=\"wp-page\" data-elementor-id=\"2767\" class=\"elementor elementor-2767\">\n\t\t\t\t\t\t\t\t\t<section class=\"elementor-section elementor-top-section elementor-element elementor-element-31674b88 elementor-section-boxed elementor-section-height-default elementor-section-height-default\" data-id=\"31674b88\" data-element_type=\"section\">\n\t\t\t\t\t\t<div class=\"elementor-container elementor-column-gap-default\">\n\t\t\t\t\t<div class=\"elementor-column elementor-col-66 elementor-top-column elementor-element elementor-element-175f7f72\" data-id=\"175f7f72\" data-element_type=\"column\">\n\t\t\t<div class=\"elementor-widget-wrap elementor-element-populated\">\n\t\t\t\t\t\t\t\t<div class=\"elementor-element elementor-element-4b73e0d1 elementor-widget elementor-widget-heading\" data-id=\"4b73e0d1\" data-element_type=\"widget\" data-widget_type=\"heading.default\">\n\t\t\t\t<div class=\"elementor-widget-container\">\n\t\t\t<h2 class=\"elementor-heading-title elementor-size-default\">\u00c0 Propos<\/h2>\t\t<\/div>\n\t\t\t\t<\/div>\n\t\t\t\t<div class=\"elementor-element elementor-element-208cd27f elementor-widget__width-initial elementor-widget elementor-widget-text-editor\" data-id=\"208cd27f\" data-element_type=\"widget\" data-widget_type=\"text-editor.default\">\n\t\t\t\t<div class=\"elementor-widget-container\">\n\t\t\t\t\t\t\t<p dir=\"ltr\" style=\"line-height: 1.38; margin-top: 0pt; margin-bottom: 0pt;\"><span style=\"font-size: 11pt; font-family: Arial,sans-serif; color: #000000; background-color: transparent; font-weight: 400; font-style: normal; font-variant: normal; text-decoration: none; vertical-align: baseline; white-space: pre-wrap;\">Designer graphique multim\u00e9dia, j&rsquo;ai fa\u00e7onn\u00e9 mon regard et ma sensibilit\u00e9 au fil de cinq ann\u00e9es de formation en Design Graphique, par un DNMADE Num\u00e9rique mention Interface Graphique et Motion Design, puis un DSAA en Graphisme.<\/span><span style=\"font-size: 11pt; font-family: Arial,sans-serif; color: #000000; background-color: transparent; font-weight: 400; font-style: normal; font-variant: normal; text-decoration: none; vertical-align: baseline; white-space: pre-wrap;\"><br \/><\/span><span style=\"font-size: 11pt; font-family: Arial,sans-serif; color: #000000; background-color: transparent; font-weight: 400; font-style: normal; font-variant: normal; text-decoration: none; vertical-align: baseline; white-space: pre-wrap;\">J&rsquo;ai appris \u00e0 jongler entre diff\u00e9rents supports me permettant d\u2019aborder la conception graphique dans sa globalit\u00e9 : du print au web.<\/span><span style=\"font-size: 11pt; font-family: Arial,sans-serif; color: #000000; background-color: transparent; font-weight: 400; font-style: normal; font-variant: normal; text-decoration: none; vertical-align: baseline; white-space: pre-wrap;\"><br \/><span style=\"font-size: 11pt;\"><br \/><\/span><\/span><\/p><p dir=\"ltr\" style=\"line-height: 1.38; margin-top: 0pt; margin-bottom: 0pt;\"><span style=\"font-size: 11pt; font-family: Arial,sans-serif; color: #000000; background-color: transparent; font-weight: 400; font-style: normal; font-variant: normal; text-decoration: none; vertical-align: baseline; white-space: pre-wrap;\"><span style=\"font-size: 11pt;\">Passionn\u00e9e par le design social, j&rsquo;aime plonger dans des projets qui placent l&rsquo;utilisateur au c\u0153ur de la r\u00e9flexion, o\u00f9 le graphisme se fait outil de dialogue, d&rsquo;\u00e9change, de changement.<\/span><br \/><\/span><\/p><p dir=\"ltr\" style=\"line-height: 1.38; margin-top: 0pt; margin-bottom: 0pt;\"><span style=\"font-size: 11pt; font-family: Arial,sans-serif; color: #000000; background-color: transparent; font-weight: 400; font-style: normal; font-variant: normal; text-decoration: none; vertical-align: baseline; white-space: pre-wrap;\">J&rsquo;aime m&rsquo;aventurer sur des chemins prospectifs, o\u00f9 le design devient exploratoire, anticipant les besoins et les d\u00e9sirs de demain.<\/span><span style=\"font-size: 11pt; font-family: Arial,sans-serif; color: #000000; background-color: transparent; font-weight: 400; font-style: normal; font-variant: normal; text-decoration: none; vertical-align: baseline; white-space: pre-wrap;\"><br \/><\/span><span style=\"font-size: 11pt; font-family: Arial,sans-serif; color: #000000; background-color: transparent; font-weight: 400; font-style: normal; font-variant: normal; text-decoration: none; vertical-align: baseline; white-space: pre-wrap;\">Chaque projet est une histoire \u00e0 sc\u00e9nariser, une \u00e9motion \u00e0 capturer.\u00a0<\/span><\/p>\t\t\t\t\t\t<\/div>\n\t\t\t\t<\/div>\n\t\t\t\t\t<\/div>\n\t\t<\/div>\n\t\t\t\t<div class=\"elementor-column elementor-col-33 elementor-top-column elementor-element elementor-element-20e47d69\" data-id=\"20e47d69\" data-element_type=\"column\">\n\t\t\t<div class=\"elementor-widget-wrap elementor-element-populated\">\n\t\t\t\t\t\t\t\t<div class=\"elementor-element elementor-element-2355f6fe elementor-widget elementor-widget-image\" data-id=\"2355f6fe\" data-element_type=\"widget\" data-widget_type=\"image.default\">\n\t\t\t\t<div class=\"elementor-widget-container\">\n\t\t\t\t\t\t\t\t\t\t\t\t\t\t\t<img decoding=\"async\" loading=\"lazy\" width=\"720\" height=\"720\" src=\"https:\/\/louisechevalier.fr\/wp-content\/uploads\/2022\/03\/104221068_2642631979345060_8315943674860722926_n.jpg\" class=\"attachment-large size-large wp-image-1690\" alt=\"\" srcset=\"https:\/\/louisechevalier.fr\/wp-content\/uploads\/2022\/03\/104221068_2642631979345060_8315943674860722926_n.jpg 720w, https:\/\/louisechevalier.fr\/wp-content\/uploads\/2022\/03\/104221068_2642631979345060_8315943674860722926_n-300x300.jpg 300w, https:\/\/louisechevalier.fr\/wp-content\/uploads\/2022\/03\/104221068_2642631979345060_8315943674860722926_n-150x150.jpg 150w\" sizes=\"(max-width: 720px) 100vw, 720px\" \/>\t\t\t\t\t\t\t\t\t\t\t\t\t\t\t<\/div>\n\t\t\t\t<\/div>\n\t\t\t\t\t<\/div>\n\t\t<\/div>\n\t\t\t\t\t\t\t<\/div>\n\t\t<\/section>\n\t\t\t\t<section class=\"elementor-section elementor-top-section elementor-element elementor-element-2d14e53 elementor-section-boxed elementor-section-height-default elementor-section-height-default\" data-id=\"2d14e53\" data-element_type=\"section\">\n\t\t\t\t\t\t<div class=\"elementor-container elementor-column-gap-default\">\n\t\t\t\t\t<div class=\"elementor-column elementor-col-100 elementor-top-column elementor-element elementor-element-2f36c9a\" data-id=\"2f36c9a\" data-element_type=\"column\">\n\t\t\t<div class=\"elementor-widget-wrap elementor-element-populated\">\n\t\t\t\t\t\t\t\t<div class=\"elementor-element elementor-element-6fb7877 elementor-align-right elementor-widget elementor-widget-button\" data-id=\"6fb7877\" data-element_type=\"widget\" data-widget_type=\"button.default\">\n\t\t\t\t<div class=\"elementor-widget-container\">\n\t\t\t\t\t<div class=\"elementor-button-wrapper\">\n\t\t\t<a class=\"elementor-button elementor-button-link elementor-size-xs elementor-animation-shrink\" href=\"http:\/\/louisechevalier.fr\/\">\n\t\t\t\t\t\t<span class=\"elementor-button-content-wrapper\">\n\t\t\t\t\t\t<span class=\"elementor-button-text\">Voir les projets<\/span>\n\t\t<\/span>\n\t\t\t\t\t<\/a>\n\t\t<\/div>\n\t\t\t\t<\/div>\n\t\t\t\t<\/div>\n\t\t\t\t\t<\/div>\n\t\t<\/div>\n\t\t\t\t\t\t\t<\/div>\n\t\t<\/section>\n\t\t\t\t\t\t\t<\/div>\n\t\t","protected":false},"excerpt":{"rendered":"<p>\u00c0 Propos Designer graphique multim\u00e9dia, j&rsquo;ai fa\u00e7onn\u00e9 mon regard et ma sensibilit\u00e9 au fil de cinq ann\u00e9es de formation en Design Graphique, par un DNMADE Num\u00e9rique mention Interface Graphique et Motion Design, puis un DSAA en Graphisme.J&rsquo;ai appris \u00e0 jongler entre diff\u00e9rents supports me permettant d\u2019aborder la conception graphique dans sa globalit\u00e9 : du print [&hellip;]<\/p>\n","protected":false},"author":1,"featured_media":0,"parent":0,"menu_order":0,"comment_status":"closed","ping_status":"closed","template":"","meta":{"footnotes":""},"_links":{"self":[{"href":"https:\/\/louisechevalier.fr\/index.php\/wp-json\/wp\/v2\/pages\/2767"}],"collection":[{"href":"https:\/\/louisechevalier.fr\/index.php\/wp-json\/wp\/v2\/pages"}],"about":[{"href":"https:\/\/louisechevalier.fr\/index.php\/wp-json\/wp\/v2\/types\/page"}],"author":[{"embeddable":true,"href":"https:\/\/louisechevalier.fr\/index.php\/wp-json\/wp\/v2\/users\/1"}],"replies":[{"embeddable":true,"href":"https:\/\/louisechevalier.fr\/index.php\/wp-json\/wp\/v2\/comments?post=2767"}],"version-history":[{"count":44,"href":"https:\/\/louisechevalier.fr\/index.php\/wp-json\/wp\/v2\/pages\/2767\/revisions"}],"predecessor-version":[{"id":3183,"href":"https:\/\/louisechevalier.fr\/index.php\/wp-json\/wp\/v2\/pages\/2767\/revisions\/3183"}],"wp:attachment":[{"href":"https:\/\/louisechevalier.fr\/index.php\/wp-json\/wp\/v2\/media?parent=2767"}],"curies":[{"name":"wp","href":"https:\/\/api.w.org\/{rel}","templated":true}]}}